{"id":191,"date":"2026-03-02T19:48:38","date_gmt":"2026-03-02T19:48:38","guid":{"rendered":"https:\/\/miniumzuegebw.de\/datenschutzerklaerung\/"},"modified":"2026-03-03T12:53:51","modified_gmt":"2026-03-03T12:53:51","slug":"datenschutzerklaerung","status":"publish","type":"page","link":"https:\/\/miniumzuegebw.de\/en\/datenschutzerklaerung\/","title":{"rendered":"Datenschutzerkl\u00e4rung"},"content":{"rendered":"","protected":false},"excerpt":{"rendered":"","protected":false},"author":1,"featured_media":0,"parent":0,"menu_order":0,"comment_status":"closed","ping_status":"closed","template":"full-width","meta":{"saved_in_kubio":true,"_joinchat":[],"footnotes":""},"class_list":["post-191","page","type-page","status-publish","hentry"],"kubio_ai_page_context":{"short_desc":"","purpose":"general"},"yoast_head":"<!-- This site is optimized with the Yoast SEO plugin v27.4 - https:\/\/yoast.com\/product\/yoast-seo-wordpress\/ -->\n<title>Datenschutzerkl\u00e4rung - MiniUmzuegeBW<\/title>\n<meta name=\"robots\" content=\"index, follow, max-snippet:-1, max-image-preview:large, max-video-preview:-1\" \/>\n<link rel=\"canonical\" href=\"https:\/\/miniumzuegebw.de\/en\/datenschutzerklaerung\/\" \/>\n<meta property=\"og:locale\" content=\"en_GB\" \/>\n<meta property=\"og:type\" content=\"article\" \/>\n<meta property=\"og:title\" content=\"Datenschutzerkl\u00e4rung - MiniUmzuegeBW\" \/>\n<meta property=\"og:url\" content=\"https:\/\/miniumzuegebw.de\/en\/datenschutzerklaerung\/\" \/>\n<meta property=\"og:site_name\" content=\"MiniUmzuegeBW\" \/>\n<meta property=\"article:publisher\" content=\"https:\/\/www.facebook.com\/Miniumzuegebw\" \/>\n<meta property=\"article:modified_time\" content=\"2026-03-03T12:53:51+00:00\" \/>\n<meta name=\"twitter:card\" content=\"summary_large_image\" \/>\n<meta name=\"twitter:label1\" content=\"Estimated reading time\" \/>\n\t<meta name=\"twitter:data1\" content=\"1 minute\" \/>\n<script type=\"application\/ld+json\" class=\"yoast-schema-graph\">{\"@context\":\"https:\\\/\\\/schema.org\",\"@graph\":[{\"@type\":\"WebPage\",\"@id\":\"https:\\\/\\\/miniumzuegebw.de\\\/datenschutzerklaerung\\\/\",\"url\":\"https:\\\/\\\/miniumzuegebw.de\\\/datenschutzerklaerung\\\/\",\"name\":\"Datenschutzerkl\u00e4rung - MiniUmzuegeBW\",\"isPartOf\":{\"@id\":\"https:\\\/\\\/miniumzuegebw.de\\\/#website\"},\"datePublished\":\"2026-03-02T19:48:38+00:00\",\"dateModified\":\"2026-03-03T12:53:51+00:00\",\"breadcrumb\":{\"@id\":\"https:\\\/\\\/miniumzuegebw.de\\\/datenschutzerklaerung\\\/#breadcrumb\"},\"inLanguage\":\"en-GB\",\"potentialAction\":[{\"@type\":\"ReadAction\",\"target\":[\"https:\\\/\\\/miniumzuegebw.de\\\/datenschutzerklaerung\\\/\"]}]},{\"@type\":\"BreadcrumbList\",\"@id\":\"https:\\\/\\\/miniumzuegebw.de\\\/datenschutzerklaerung\\\/#breadcrumb\",\"itemListElement\":[{\"@type\":\"ListItem\",\"position\":1,\"name\":\"Start\",\"item\":\"https:\\\/\\\/miniumzuegebw.de\\\/\"},{\"@type\":\"ListItem\",\"position\":2,\"name\":\"Datenschutzerkl\u00e4rung\"}]},{\"@type\":\"WebSite\",\"@id\":\"https:\\\/\\\/miniumzuegebw.de\\\/#website\",\"url\":\"https:\\\/\\\/miniumzuegebw.de\\\/\",\"name\":\"MiniUmz\u00fcge BW\",\"description\":\"Professionelle Umz\u00fcge in Baden-W\u00fcrttemberg \u2013 Festpreis &amp; Zuverl\u00e4ssig\",\"publisher\":{\"@id\":\"https:\\\/\\\/miniumzuegebw.de\\\/#organization\"},\"potentialAction\":[{\"@type\":\"SearchAction\",\"target\":{\"@type\":\"EntryPoint\",\"urlTemplate\":\"https:\\\/\\\/miniumzuegebw.de\\\/?s={search_term_string}\"},\"query-input\":{\"@type\":\"PropertyValueSpecification\",\"valueRequired\":true,\"valueName\":\"search_term_string\"}}],\"inLanguage\":\"en-GB\"},{\"@type\":\"Organization\",\"@id\":\"https:\\\/\\\/miniumzuegebw.de\\\/#organization\",\"name\":\"MiniUmzuegeBW\",\"url\":\"https:\\\/\\\/miniumzuegebw.de\\\/\",\"logo\":{\"@type\":\"ImageObject\",\"inLanguage\":\"en-GB\",\"@id\":\"https:\\\/\\\/miniumzuegebw.de\\\/#\\\/schema\\\/logo\\\/image\\\/\",\"url\":\"https:\\\/\\\/miniumzuegebw.de\\\/wp-content\\\/uploads\\\/2026\\\/03\\\/WhatsApp-Image-2026-01-17-at-15.56.14.jpeg\",\"contentUrl\":\"https:\\\/\\\/miniumzuegebw.de\\\/wp-content\\\/uploads\\\/2026\\\/03\\\/WhatsApp-Image-2026-01-17-at-15.56.14.jpeg\",\"width\":1600,\"height\":1068,\"caption\":\"MiniUmzuegeBW\"},\"image\":{\"@id\":\"https:\\\/\\\/miniumzuegebw.de\\\/#\\\/schema\\\/logo\\\/image\\\/\"},\"sameAs\":[\"https:\\\/\\\/www.facebook.com\\\/Miniumzuegebw\"]}]}<\/script>\n<!-- \/ Yoast SEO plugin. -->","yoast_head_json":{"title":"Datenschutzerkl\u00e4rung - MiniUmzuegeBW","robots":{"index":"index","follow":"follow","max-snippet":"max-snippet:-1","max-image-preview":"max-image-preview:large","max-video-preview":"max-video-preview:-1"},"canonical":"https:\/\/miniumzuegebw.de\/en\/datenschutzerklaerung\/","og_locale":"en_GB","og_type":"article","og_title":"Datenschutzerkl\u00e4rung - MiniUmzuegeBW","og_url":"https:\/\/miniumzuegebw.de\/en\/datenschutzerklaerung\/","og_site_name":"MiniUmzuegeBW","article_publisher":"https:\/\/www.facebook.com\/Miniumzuegebw","article_modified_time":"2026-03-03T12:53:51+00:00","twitter_card":"summary_large_image","twitter_misc":{"Estimated reading time":"1 minute"},"schema":{"@context":"https:\/\/schema.org","@graph":[{"@type":"WebPage","@id":"https:\/\/miniumzuegebw.de\/datenschutzerklaerung\/","url":"https:\/\/miniumzuegebw.de\/datenschutzerklaerung\/","name":"Datenschutzerkl\u00e4rung - MiniUmzuegeBW","isPartOf":{"@id":"https:\/\/miniumzuegebw.de\/#website"},"datePublished":"2026-03-02T19:48:38+00:00","dateModified":"2026-03-03T12:53:51+00:00","breadcrumb":{"@id":"https:\/\/miniumzuegebw.de\/datenschutzerklaerung\/#breadcrumb"},"inLanguage":"en-GB","potentialAction":[{"@type":"ReadAction","target":["https:\/\/miniumzuegebw.de\/datenschutzerklaerung\/"]}]},{"@type":"BreadcrumbList","@id":"https:\/\/miniumzuegebw.de\/datenschutzerklaerung\/#breadcrumb","itemListElement":[{"@type":"ListItem","position":1,"name":"Start","item":"https:\/\/miniumzuegebw.de\/"},{"@type":"ListItem","position":2,"name":"Datenschutzerkl\u00e4rung"}]},{"@type":"WebSite","@id":"https:\/\/miniumzuegebw.de\/#website","url":"https:\/\/miniumzuegebw.de\/","name":"MiniUmz\u00fcge BW","description":"Professionelle Umz\u00fcge in Baden-W\u00fcrttemberg \u2013 Festpreis &amp; Zuverl\u00e4ssig","publisher":{"@id":"https:\/\/miniumzuegebw.de\/#organization"},"potentialAction":[{"@type":"SearchAction","target":{"@type":"EntryPoint","urlTemplate":"https:\/\/miniumzuegebw.de\/?s={search_term_string}"},"query-input":{"@type":"PropertyValueSpecification","valueRequired":true,"valueName":"search_term_string"}}],"inLanguage":"en-GB"},{"@type":"Organization","@id":"https:\/\/miniumzuegebw.de\/#organization","name":"MiniUmzuegeBW","url":"https:\/\/miniumzuegebw.de\/","logo":{"@type":"ImageObject","inLanguage":"en-GB","@id":"https:\/\/miniumzuegebw.de\/#\/schema\/logo\/image\/","url":"https:\/\/miniumzuegebw.de\/wp-content\/uploads\/2026\/03\/WhatsApp-Image-2026-01-17-at-15.56.14.jpeg","contentUrl":"https:\/\/miniumzuegebw.de\/wp-content\/uploads\/2026\/03\/WhatsApp-Image-2026-01-17-at-15.56.14.jpeg","width":1600,"height":1068,"caption":"MiniUmzuegeBW"},"image":{"@id":"https:\/\/miniumzuegebw.de\/#\/schema\/logo\/image\/"},"sameAs":["https:\/\/www.facebook.com\/Miniumzuegebw"]}]}},"_links":{"self":[{"href":"https:\/\/miniumzuegebw.de\/en\/wp-json\/wp\/v2\/pages\/191","targetHints":{"allow":["GET"]}}],"collection":[{"href":"https:\/\/miniumzuegebw.de\/en\/wp-json\/wp\/v2\/pages"}],"about":[{"href":"https:\/\/miniumzuegebw.de\/en\/wp-json\/wp\/v2\/types\/page"}],"author":[{"embeddable":true,"href":"https:\/\/miniumzuegebw.de\/en\/wp-json\/wp\/v2\/users\/1"}],"replies":[{"embeddable":true,"href":"https:\/\/miniumzuegebw.de\/en\/wp-json\/wp\/v2\/comments?post=191"}],"version-history":[{"count":3,"href":"https:\/\/miniumzuegebw.de\/en\/wp-json\/wp\/v2\/pages\/191\/revisions"}],"predecessor-version":[{"id":234,"href":"https:\/\/miniumzuegebw.de\/en\/wp-json\/wp\/v2\/pages\/191\/revisions\/234"}],"wp:attachment":[{"href":"https:\/\/miniumzuegebw.de\/en\/wp-json\/wp\/v2\/media?parent=191"}],"curies":[{"name":"wp","href":"https:\/\/api.w.org\/{rel}","templated":true}]}}