{"id":363,"date":"2026-04-14T17:41:09","date_gmt":"2026-04-14T17:41:09","guid":{"rendered":"https:\/\/miniumzuegebw.de\/umzug-ettenheim\/"},"modified":"2026-04-14T18:23:03","modified_gmt":"2026-04-14T18:23:03","slug":"umzug-ettenheim","status":"publish","type":"page","link":"https:\/\/miniumzuegebw.de\/en\/umzug-ettenheim\/","title":{"rendered":"Umzug Ettenheim"},"content":{"rendered":"<div class=\"wp-block-group is-vertical is-content-justification-center is-layout-flex wp-container-core-group-is-layout-4b2eccd6 wp-block-group-is-layout-flex\">\n\n\n<p>Sie planen einen Umzug in Ettenheim? MiniUmz\u00fcge BW ist Ihr regionaler Partner f\u00fcr stressfreie Umz\u00fcge zum verbindlichen Festpreis \u2014 ohne Mehrwertsteuer. Als Kleinunternehmer nach \u00a719 UStG sparen Sie bei uns bis zu 19%.<\/p>\n\n\n\n<p>Ettenheim \u2014 die barocke Kleinstadt in der s\u00fcdlichen Ortenau, zwischen Lahr und Freiburg gelegen. Ob Altstadt, Ettenheimm\u00fcnster, Altdorf, M\u00fcnchweier, Wallburg oder Grafenhausen: Wir kennen die Region und wissen, worauf es bei einem Umzug in Ettenheim ankommt.<\/p>\n\n\n\n\n\n\n\n\n\n\n\n\n\n\n\n\n\n\n\n\n\n\n\n\n\n\n\n\n\n\n\n\n\n\n<\/div>\n\n\n\n\n\n\n\n\n\n\n\n\n\n\n\n\n\n\n\n\n\n\n\n\n\n\n\n\n\n\n\n\n\n\n\n\n\n\n\n<p><a href=\"https:\/\/miniumzuegebw.de\/en\/umzug-freiburg\/\" data-type=\"page\" data-id=\"279\">Umzug Freiburg <\/a><br><a href=\"https:\/\/miniumzuegebw.de\/en\/umzug-offenburg\/\">Umzug Offenburg<\/a> <br><a href=\"https:\/\/miniumzuegebw.de\/en\/umzug-endingen\/\" data-type=\"page\" data-id=\"344\">Umzug Endingen <\/a><br><a href=\"\/en\/umzug-breisach\/\">Umzug Breisach <\/a><br><a href=\"https:\/\/miniumzuegebw.de\/en\/umzug-lahr\/\" data-type=\"page\" data-id=\"347\">Umzug Lahr <\/a><br><a href=\"https:\/\/miniumzuegebw.de\/en\/umzug-bad-krotzingen\/\">Umzug Bad Krozingen<\/a> <br><a href=\"https:\/\/miniumzuegebw.de\/en\/umzug-loerrach\/\">Umzug L\u00f6rrach<\/a> <br><a href=\"https:\/\/miniumzuegebw.de\/en\/umzug-waldkirch\/\">Umzug Waldkirch<\/a> <br><a href=\"https:\/\/miniumzuegebw.de\/en\/umzug-muellheim\/\">Umzug M\u00fcllheim<\/a> <br><a href=\"https:\/\/miniumzuegebw.de\/en\/umzug-emmendingen\/\" data-type=\"page\" data-id=\"339\">Umzug Emmendingen <\/a><br><a href=\"https:\/\/miniumzuegebw.de\/en\/umzug-staufen\/\">Umzug Staufen<\/a> <br><a href=\"https:\/\/miniumzuegebw.de\/en\/umzug-kenzingen\/\">Umzug Kenzingen <\/a><\/p>","protected":false},"excerpt":{"rendered":"<p>Sie planen einen Umzug in Ettenheim? MiniUmz\u00fcge BW ist Ihr regionaler Partner f\u00fcr stressfreie Umz\u00fcge zum verbindlichen Festpreis \u2014 ohne Mehrwertsteuer. Als Kleinunternehmer nach \u00a719 UStG sparen Sie bei uns bis zu 19%. Ettenheim \u2014 die barocke Kleinstadt in der s\u00fcdlichen Ortenau, zwischen Lahr und Freiburg gelegen. Ob Altstadt, Ettenheimm\u00fcnster, Altdorf, M\u00fcnchweier, Wallburg oder Grafenhausen: [&hellip;]<\/p>\n","protected":false},"author":1,"featured_media":0,"parent":0,"menu_order":0,"comment_status":"closed","ping_status":"closed","template":"","meta":{"saved_in_kubio":true,"_joinchat":[],"footnotes":""},"class_list":["post-363","page","type-page","status-publish","hentry"],"kubio_ai_page_context":{"short_desc":"","purpose":"general"},"yoast_head":"<!-- This site is optimized with the Yoast SEO plugin v27.4 - https:\/\/yoast.com\/product\/yoast-seo-wordpress\/ -->\n<title>Umzug Ettenheim \u2013 stressfrei &amp; zum Festpreis | MiniUmz\u00fcge BW<\/title>\n<meta name=\"description\" content=\"Umzugsunternehmen in Ettenheim. Festpreis, keine MwSt., pers\u00f6nlicher Service. Jetzt Umzugskosten f\u00fcr Ettenheim kostenlos in 5 Minuten berechnen!\" \/>\n<meta name=\"robots\" content=\"index, follow, max-snippet:-1, max-image-preview:large, max-video-preview:-1\" \/>\n<link rel=\"canonical\" href=\"https:\/\/miniumzuegebw.de\/en\/umzug-ettenheim\/\" \/>\n<meta property=\"og:locale\" content=\"en_GB\" \/>\n<meta property=\"og:type\" content=\"article\" \/>\n<meta property=\"og:title\" content=\"Umzug Ettenheim \u2013 stressfrei &amp; zum Festpreis | MiniUmz\u00fcge BW\" \/>\n<meta property=\"og:description\" content=\"Umzugsunternehmen in Ettenheim. Festpreis, keine MwSt., pers\u00f6nlicher Service. Jetzt Umzugskosten f\u00fcr Ettenheim kostenlos in 5 Minuten berechnen!\" \/>\n<meta property=\"og:url\" content=\"https:\/\/miniumzuegebw.de\/en\/umzug-ettenheim\/\" \/>\n<meta property=\"og:site_name\" content=\"MiniUmzuegeBW\" \/>\n<meta property=\"article:publisher\" content=\"https:\/\/www.facebook.com\/Miniumzuegebw\" \/>\n<meta property=\"article:modified_time\" content=\"2026-04-14T18:23:03+00:00\" \/>\n<meta name=\"twitter:card\" content=\"summary_large_image\" \/>\n<script type=\"application\/ld+json\" class=\"yoast-schema-graph\">{\"@context\":\"https:\\\/\\\/schema.org\",\"@graph\":[{\"@type\":\"WebPage\",\"@id\":\"https:\\\/\\\/miniumzuegebw.de\\\/umzug-ettenheim\\\/\",\"url\":\"https:\\\/\\\/miniumzuegebw.de\\\/umzug-ettenheim\\\/\",\"name\":\"Umzug Ettenheim \u2013 stressfrei & zum Festpreis | MiniUmz\u00fcge BW\",\"isPartOf\":{\"@id\":\"https:\\\/\\\/miniumzuegebw.de\\\/#website\"},\"datePublished\":\"2026-04-14T17:41:09+00:00\",\"dateModified\":\"2026-04-14T18:23:03+00:00\",\"description\":\"Umzugsunternehmen in Ettenheim. Festpreis, keine MwSt., pers\u00f6nlicher Service. Jetzt Umzugskosten f\u00fcr Ettenheim kostenlos in 5 Minuten berechnen!\",\"breadcrumb\":{\"@id\":\"https:\\\/\\\/miniumzuegebw.de\\\/umzug-ettenheim\\\/#breadcrumb\"},\"inLanguage\":\"en-GB\",\"potentialAction\":[{\"@type\":\"ReadAction\",\"target\":[\"https:\\\/\\\/miniumzuegebw.de\\\/umzug-ettenheim\\\/\"]}]},{\"@type\":\"BreadcrumbList\",\"@id\":\"https:\\\/\\\/miniumzuegebw.de\\\/umzug-ettenheim\\\/#breadcrumb\",\"itemListElement\":[{\"@type\":\"ListItem\",\"position\":1,\"name\":\"Start\",\"item\":\"https:\\\/\\\/miniumzuegebw.de\\\/\"},{\"@type\":\"ListItem\",\"position\":2,\"name\":\"Umzug Ettenheim\"}]},{\"@type\":\"WebSite\",\"@id\":\"https:\\\/\\\/miniumzuegebw.de\\\/#website\",\"url\":\"https:\\\/\\\/miniumzuegebw.de\\\/\",\"name\":\"MiniUmz\u00fcge BW\",\"description\":\"Professionelle Umz\u00fcge in Baden-W\u00fcrttemberg \u2013 Festpreis &amp; Zuverl\u00e4ssig\",\"publisher\":{\"@id\":\"https:\\\/\\\/miniumzuegebw.de\\\/#organization\"},\"potentialAction\":[{\"@type\":\"SearchAction\",\"target\":{\"@type\":\"EntryPoint\",\"urlTemplate\":\"https:\\\/\\\/miniumzuegebw.de\\\/?s={search_term_string}\"},\"query-input\":{\"@type\":\"PropertyValueSpecification\",\"valueRequired\":true,\"valueName\":\"search_term_string\"}}],\"inLanguage\":\"en-GB\"},{\"@type\":\"Organization\",\"@id\":\"https:\\\/\\\/miniumzuegebw.de\\\/#organization\",\"name\":\"MiniUmzuegeBW\",\"url\":\"https:\\\/\\\/miniumzuegebw.de\\\/\",\"logo\":{\"@type\":\"ImageObject\",\"inLanguage\":\"en-GB\",\"@id\":\"https:\\\/\\\/miniumzuegebw.de\\\/#\\\/schema\\\/logo\\\/image\\\/\",\"url\":\"https:\\\/\\\/miniumzuegebw.de\\\/wp-content\\\/uploads\\\/2026\\\/03\\\/WhatsApp-Image-2026-01-17-at-15.56.14.jpeg\",\"contentUrl\":\"https:\\\/\\\/miniumzuegebw.de\\\/wp-content\\\/uploads\\\/2026\\\/03\\\/WhatsApp-Image-2026-01-17-at-15.56.14.jpeg\",\"width\":1600,\"height\":1068,\"caption\":\"MiniUmzuegeBW\"},\"image\":{\"@id\":\"https:\\\/\\\/miniumzuegebw.de\\\/#\\\/schema\\\/logo\\\/image\\\/\"},\"sameAs\":[\"https:\\\/\\\/www.facebook.com\\\/Miniumzuegebw\"]}]}<\/script>\n<!-- \/ Yoast SEO plugin. -->","yoast_head_json":{"title":"Umzug Ettenheim \u2013 stressfrei & zum Festpreis | MiniUmz\u00fcge BW","description":"Umzugsunternehmen in Ettenheim. Festpreis, keine MwSt., pers\u00f6nlicher Service. Jetzt Umzugskosten f\u00fcr Ettenheim kostenlos in 5 Minuten berechnen!","robots":{"index":"index","follow":"follow","max-snippet":"max-snippet:-1","max-image-preview":"max-image-preview:large","max-video-preview":"max-video-preview:-1"},"canonical":"https:\/\/miniumzuegebw.de\/en\/umzug-ettenheim\/","og_locale":"en_GB","og_type":"article","og_title":"Umzug Ettenheim \u2013 stressfrei & zum Festpreis | MiniUmz\u00fcge BW","og_description":"Umzugsunternehmen in Ettenheim. Festpreis, keine MwSt., pers\u00f6nlicher Service. Jetzt Umzugskosten f\u00fcr Ettenheim kostenlos in 5 Minuten berechnen!","og_url":"https:\/\/miniumzuegebw.de\/en\/umzug-ettenheim\/","og_site_name":"MiniUmzuegeBW","article_publisher":"https:\/\/www.facebook.com\/Miniumzuegebw","article_modified_time":"2026-04-14T18:23:03+00:00","twitter_card":"summary_large_image","schema":{"@context":"https:\/\/schema.org","@graph":[{"@type":"WebPage","@id":"https:\/\/miniumzuegebw.de\/umzug-ettenheim\/","url":"https:\/\/miniumzuegebw.de\/umzug-ettenheim\/","name":"Umzug Ettenheim \u2013 stressfrei & zum Festpreis | MiniUmz\u00fcge BW","isPartOf":{"@id":"https:\/\/miniumzuegebw.de\/#website"},"datePublished":"2026-04-14T17:41:09+00:00","dateModified":"2026-04-14T18:23:03+00:00","description":"Umzugsunternehmen in Ettenheim. Festpreis, keine MwSt., pers\u00f6nlicher Service. Jetzt Umzugskosten f\u00fcr Ettenheim kostenlos in 5 Minuten berechnen!","breadcrumb":{"@id":"https:\/\/miniumzuegebw.de\/umzug-ettenheim\/#breadcrumb"},"inLanguage":"en-GB","potentialAction":[{"@type":"ReadAction","target":["https:\/\/miniumzuegebw.de\/umzug-ettenheim\/"]}]},{"@type":"BreadcrumbList","@id":"https:\/\/miniumzuegebw.de\/umzug-ettenheim\/#breadcrumb","itemListElement":[{"@type":"ListItem","position":1,"name":"Start","item":"https:\/\/miniumzuegebw.de\/"},{"@type":"ListItem","position":2,"name":"Umzug Ettenheim"}]},{"@type":"WebSite","@id":"https:\/\/miniumzuegebw.de\/#website","url":"https:\/\/miniumzuegebw.de\/","name":"MiniUmz\u00fcge BW","description":"Professionelle Umz\u00fcge in Baden-W\u00fcrttemberg \u2013 Festpreis &amp; Zuverl\u00e4ssig","publisher":{"@id":"https:\/\/miniumzuegebw.de\/#organization"},"potentialAction":[{"@type":"SearchAction","target":{"@type":"EntryPoint","urlTemplate":"https:\/\/miniumzuegebw.de\/?s={search_term_string}"},"query-input":{"@type":"PropertyValueSpecification","valueRequired":true,"valueName":"search_term_string"}}],"inLanguage":"en-GB"},{"@type":"Organization","@id":"https:\/\/miniumzuegebw.de\/#organization","name":"MiniUmzuegeBW","url":"https:\/\/miniumzuegebw.de\/","logo":{"@type":"ImageObject","inLanguage":"en-GB","@id":"https:\/\/miniumzuegebw.de\/#\/schema\/logo\/image\/","url":"https:\/\/miniumzuegebw.de\/wp-content\/uploads\/2026\/03\/WhatsApp-Image-2026-01-17-at-15.56.14.jpeg","contentUrl":"https:\/\/miniumzuegebw.de\/wp-content\/uploads\/2026\/03\/WhatsApp-Image-2026-01-17-at-15.56.14.jpeg","width":1600,"height":1068,"caption":"MiniUmzuegeBW"},"image":{"@id":"https:\/\/miniumzuegebw.de\/#\/schema\/logo\/image\/"},"sameAs":["https:\/\/www.facebook.com\/Miniumzuegebw"]}]}},"_links":{"self":[{"href":"https:\/\/miniumzuegebw.de\/en\/wp-json\/wp\/v2\/pages\/363","targetHints":{"allow":["GET"]}}],"collection":[{"href":"https:\/\/miniumzuegebw.de\/en\/wp-json\/wp\/v2\/pages"}],"about":[{"href":"https:\/\/miniumzuegebw.de\/en\/wp-json\/wp\/v2\/types\/page"}],"author":[{"embeddable":true,"href":"https:\/\/miniumzuegebw.de\/en\/wp-json\/wp\/v2\/users\/1"}],"replies":[{"embeddable":true,"href":"https:\/\/miniumzuegebw.de\/en\/wp-json\/wp\/v2\/comments?post=363"}],"version-history":[{"count":1,"href":"https:\/\/miniumzuegebw.de\/en\/wp-json\/wp\/v2\/pages\/363\/revisions"}],"predecessor-version":[{"id":364,"href":"https:\/\/miniumzuegebw.de\/en\/wp-json\/wp\/v2\/pages\/363\/revisions\/364"}],"wp:attachment":[{"href":"https:\/\/miniumzuegebw.de\/en\/wp-json\/wp\/v2\/media?parent=363"}],"curies":[{"name":"wp","href":"https:\/\/api.w.org\/{rel}","templated":true}]}}